{"id":2434,"date":"2024-04-23T16:59:52","date_gmt":"2024-04-23T14:59:52","guid":{"rendered":"https:\/\/truper.cepidesigns.com.ar\/producto\/linterna-plastica-de-led-pilas-2d-x-2-180-lumens-200-mts\/"},"modified":"2024-09-03T20:27:23","modified_gmt":"2024-09-03T18:27:23","slug":"linterna-plastica-de-led-pilas-2d-x-2-180-lumens-200-mts","status":"publish","type":"product","link":"https:\/\/www.lusqtoff.com.ar\/truper\/producto\/linterna-plastica-de-led-pilas-2d-x-2-180-lumens-200-mts\/","title":{"rendered":"LINTERNA PL\u00c1STICA DE LED PILAS 2D x 2 &#8211; 180 LUMENS &#8211; 200 MTS."},"content":{"rendered":"<p>LED de alta luminosidad, distancia del haz de luz: 200 m, modo de iluminaci\u00f3n: Fijo, duraci\u00f3n de carga de la bater\u00eda: 40 horas, TPR antiderrapante resiste impactos<\/p>\n","protected":false},"excerpt":{"rendered":"<p>Luminosidad: 180 lm<br \/>\nLED: 1 LED alta intensidad<br \/>\nDuraci\u00f3n de carga de la bater\u00eda: 40 horas<br \/>\nModos de iluminaci\u00f3n: Fijo<br \/>\nPilas: 2 D (incluidas)<br \/>\nGrado IP: X4<br \/>\nMaterial del cuerpo: De ABS con recubrimiento TPR antiderrapante<br \/>\nLargo: 21 cm<\/p>\n","protected":false},"featured_media":2709,"comment_status":"open","ping_status":"closed","template":"","meta":{"_acf_changed":false},"product_brand":[],"product_cat":[223,225],"product_tag":[],"class_list":{"0":"post-2434","1":"product","2":"type-product","3":"status-publish","4":"has-post-thumbnail","6":"product_cat-iluminacion","7":"product_cat-linternas","9":"first","10":"instock","11":"shipping-taxable","12":"purchasable","13":"product-type-simple"},"acf":[],"_links":{"self":[{"href":"https:\/\/www.lusqtoff.com.ar\/truper\/wp-json\/wp\/v2\/product\/2434","targetHints":{"allow":["GET"]}}],"collection":[{"href":"https:\/\/www.lusqtoff.com.ar\/truper\/wp-json\/wp\/v2\/product"}],"about":[{"href":"https:\/\/www.lusqtoff.com.ar\/truper\/wp-json\/wp\/v2\/types\/product"}],"replies":[{"embeddable":true,"href":"https:\/\/www.lusqtoff.com.ar\/truper\/wp-json\/wp\/v2\/comments?post=2434"}],"wp:featuredmedia":[{"embeddable":true,"href":"https:\/\/www.lusqtoff.com.ar\/truper\/wp-json\/wp\/v2\/media\/2709"}],"wp:attachment":[{"href":"https:\/\/www.lusqtoff.com.ar\/truper\/wp-json\/wp\/v2\/media?parent=2434"}],"wp:term":[{"taxonomy":"product_brand","embeddable":true,"href":"https:\/\/www.lusqtoff.com.ar\/truper\/wp-json\/wp\/v2\/product_brand?post=2434"},{"taxonomy":"product_cat","embeddable":true,"href":"https:\/\/www.lusqtoff.com.ar\/truper\/wp-json\/wp\/v2\/product_cat?post=2434"},{"taxonomy":"product_tag","embeddable":true,"href":"https:\/\/www.lusqtoff.com.ar\/truper\/wp-json\/wp\/v2\/product_tag?post=2434"}],"curies":[{"name":"wp","href":"https:\/\/api.w.org\/{rel}","templated":true}]}}