{"id":2437,"date":"2024-04-23T16:59:52","date_gmt":"2024-04-23T14:59:52","guid":{"rendered":"https:\/\/truper.cepidesigns.com.ar\/producto\/linterna-led-cuerpo-aluminio-recargable-820lm\/"},"modified":"2024-09-03T20:27:24","modified_gmt":"2024-09-03T18:27:24","slug":"linterna-led-cuerpo-aluminio-recargable-820lm","status":"publish","type":"product","link":"https:\/\/www.lusqtoff.com.ar\/truper\/producto\/linterna-led-cuerpo-aluminio-recargable-820lm\/","title":{"rendered":"LINTERNA LED CUERPO ALUMINIO RECARGABLE 820LM"},"content":{"rendered":"<p>Distancia del haz de luz: 300 m, modos de iluminaci\u00f3n: Alto, bajo e intermitente, duraci\u00f3n de carga de la bater\u00eda: 4 horas (alto), 8 horas (bajo), tiempo \u00f3ptimo de carga: 8 h, dise\u00f1o t\u00e1ctico<\/p>\n","protected":false},"excerpt":{"rendered":"<p>Luminosidad: 2,000 lm (alto), 670 lm (bajo)<br \/>\nLED: 1 LED de alta luminosidad<br \/>\nDuraci\u00f3n de carga de la bater\u00eda: 4 horas (alto), 8 horas (bajo)<br \/>\nModos de iluminaci\u00f3n: (3) Alto, bajo e intermitente<br \/>\nMaterial del cuerpo: Aluminio<br \/>\nDimensiones (alto x largo): 4 x 25 cm<\/p>\n","protected":false},"featured_media":3109,"comment_status":"open","ping_status":"closed","template":"","meta":{"_acf_changed":false},"product_brand":[],"product_cat":[223,225],"product_tag":[],"class_list":{"0":"post-2437","1":"product","2":"type-product","3":"status-publish","4":"has-post-thumbnail","6":"product_cat-iluminacion","7":"product_cat-linternas","9":"first","10":"instock","11":"shipping-taxable","12":"purchasable","13":"product-type-simple"},"acf":[],"_links":{"self":[{"href":"https:\/\/www.lusqtoff.com.ar\/truper\/wp-json\/wp\/v2\/product\/2437","targetHints":{"allow":["GET"]}}],"collection":[{"href":"https:\/\/www.lusqtoff.com.ar\/truper\/wp-json\/wp\/v2\/product"}],"about":[{"href":"https:\/\/www.lusqtoff.com.ar\/truper\/wp-json\/wp\/v2\/types\/product"}],"replies":[{"embeddable":true,"href":"https:\/\/www.lusqtoff.com.ar\/truper\/wp-json\/wp\/v2\/comments?post=2437"}],"wp:featuredmedia":[{"embeddable":true,"href":"https:\/\/www.lusqtoff.com.ar\/truper\/wp-json\/wp\/v2\/media\/3109"}],"wp:attachment":[{"href":"https:\/\/www.lusqtoff.com.ar\/truper\/wp-json\/wp\/v2\/media?parent=2437"}],"wp:term":[{"taxonomy":"product_brand","embeddable":true,"href":"https:\/\/www.lusqtoff.com.ar\/truper\/wp-json\/wp\/v2\/product_brand?post=2437"},{"taxonomy":"product_cat","embeddable":true,"href":"https:\/\/www.lusqtoff.com.ar\/truper\/wp-json\/wp\/v2\/product_cat?post=2437"},{"taxonomy":"product_tag","embeddable":true,"href":"https:\/\/www.lusqtoff.com.ar\/truper\/wp-json\/wp\/v2\/product_tag?post=2437"}],"curies":[{"name":"wp","href":"https:\/\/api.w.org\/{rel}","templated":true}]}}