{"id":2443,"date":"2024-04-23T16:59:52","date_gmt":"2024-04-23T14:59:52","guid":{"rendered":"https:\/\/truper.cepidesigns.com.ar\/producto\/linterna-recargable-280-lm-con-lampara-de-emergencia\/"},"modified":"2024-09-03T20:27:25","modified_gmt":"2024-09-03T18:27:25","slug":"linterna-recargable-280-lm-con-lampara-de-emergencia","status":"publish","type":"product","link":"https:\/\/www.lusqtoff.com.ar\/truper\/producto\/linterna-recargable-280-lm-con-lampara-de-emergencia\/","title":{"rendered":"LINTERNA RECARGABLE 280 LM CON LAMPARA DE EMERGENCIA"},"content":{"rendered":"<p>Distancia del haz de luz: 100 m (frontal), 20 m (lateral), modo de iluminaci\u00f3n: Alto (frontal y lateral), duraci\u00f3n de carga de la bater\u00eda: 6.5 horas (alto), 2 horas (bajo), tiempo \u00f3ptimo de carga: 8 h, mayor luminosidad y alcance<\/p>\n","protected":false},"excerpt":{"rendered":"<p>Luminosidad: 100 lm (frontal), 330 lm (lateral)<br \/>\nLED: 1 LED de alta intensidad<br \/>\nDuraci\u00f3n de carga de la bater\u00eda: 6.5 horas (frontal), 2 horas (lateral)<br \/>\nModos de iluminaci\u00f3n: Alto (frontal y lateral)<br \/>\nPila: Ion litio 120 mAh (incluida)<br \/>\nGrado IP\tX2<br \/>\nMaterial del cuerpo: ABS<br \/>\nLargo: 19 cm<\/p>\n","protected":false},"featured_media":3320,"comment_status":"open","ping_status":"closed","template":"","meta":{"_acf_changed":false},"product_brand":[],"product_cat":[223,225],"product_tag":[],"class_list":{"0":"post-2443","1":"product","2":"type-product","3":"status-publish","4":"has-post-thumbnail","6":"product_cat-iluminacion","7":"product_cat-linternas","9":"first","10":"instock","11":"shipping-taxable","12":"purchasable","13":"product-type-simple"},"acf":[],"_links":{"self":[{"href":"https:\/\/www.lusqtoff.com.ar\/truper\/wp-json\/wp\/v2\/product\/2443","targetHints":{"allow":["GET"]}}],"collection":[{"href":"https:\/\/www.lusqtoff.com.ar\/truper\/wp-json\/wp\/v2\/product"}],"about":[{"href":"https:\/\/www.lusqtoff.com.ar\/truper\/wp-json\/wp\/v2\/types\/product"}],"replies":[{"embeddable":true,"href":"https:\/\/www.lusqtoff.com.ar\/truper\/wp-json\/wp\/v2\/comments?post=2443"}],"wp:featuredmedia":[{"embeddable":true,"href":"https:\/\/www.lusqtoff.com.ar\/truper\/wp-json\/wp\/v2\/media\/3320"}],"wp:attachment":[{"href":"https:\/\/www.lusqtoff.com.ar\/truper\/wp-json\/wp\/v2\/media?parent=2443"}],"wp:term":[{"taxonomy":"product_brand","embeddable":true,"href":"https:\/\/www.lusqtoff.com.ar\/truper\/wp-json\/wp\/v2\/product_brand?post=2443"},{"taxonomy":"product_cat","embeddable":true,"href":"https:\/\/www.lusqtoff.com.ar\/truper\/wp-json\/wp\/v2\/product_cat?post=2443"},{"taxonomy":"product_tag","embeddable":true,"href":"https:\/\/www.lusqtoff.com.ar\/truper\/wp-json\/wp\/v2\/product_tag?post=2443"}],"curies":[{"name":"wp","href":"https:\/\/api.w.org\/{rel}","templated":true}]}}