{"id":2444,"date":"2024-04-23T16:59:52","date_gmt":"2024-04-23T14:59:52","guid":{"rendered":"https:\/\/truper.cepidesigns.com.ar\/producto\/linterna-y-faro-trasero-p-bicicleta-pilas-cr2032\/"},"modified":"2024-09-03T20:27:25","modified_gmt":"2024-09-03T18:27:25","slug":"linterna-y-faro-trasero-p-bicicleta-pilas-cr2032","status":"publish","type":"product","link":"https:\/\/www.lusqtoff.com.ar\/truper\/producto\/linterna-y-faro-trasero-p-bicicleta-pilas-cr2032\/","title":{"rendered":"LINTERNA Y FARO TRASERO P\/ BICICLETA -PILAS CR2032"},"content":{"rendered":"<p>Modos de iluminaci\u00f3n: Fija, destello intermitente r\u00e1pido y lento, f\u00e1cil instalaci\u00f3n<\/p>\n","protected":false},"excerpt":{"rendered":"<p>LED: 2 LEDs<br \/>\nDuraci\u00f3n de carga de la bater\u00eda: 55 horas<br \/>\nModos de iluminaci\u00f3n: (3) Fija, destello intermitente r\u00e1pido y lento<br \/>\nPilas: 4 CR2032 3 V (incluidas)<br \/>\nGrado IP\tX4<br \/>\nMaterial del cuerpo: Silic\u00f3n flexible<\/p>\n","protected":false},"featured_media":3318,"comment_status":"open","ping_status":"closed","template":"","meta":{"_acf_changed":false},"product_brand":[],"product_cat":[223,225],"product_tag":[],"class_list":{"0":"post-2444","1":"product","2":"type-product","3":"status-publish","4":"has-post-thumbnail","6":"product_cat-iluminacion","7":"product_cat-linternas","9":"first","10":"instock","11":"shipping-taxable","12":"purchasable","13":"product-type-simple"},"acf":[],"_links":{"self":[{"href":"https:\/\/www.lusqtoff.com.ar\/truper\/wp-json\/wp\/v2\/product\/2444","targetHints":{"allow":["GET"]}}],"collection":[{"href":"https:\/\/www.lusqtoff.com.ar\/truper\/wp-json\/wp\/v2\/product"}],"about":[{"href":"https:\/\/www.lusqtoff.com.ar\/truper\/wp-json\/wp\/v2\/types\/product"}],"replies":[{"embeddable":true,"href":"https:\/\/www.lusqtoff.com.ar\/truper\/wp-json\/wp\/v2\/comments?post=2444"}],"wp:featuredmedia":[{"embeddable":true,"href":"https:\/\/www.lusqtoff.com.ar\/truper\/wp-json\/wp\/v2\/media\/3318"}],"wp:attachment":[{"href":"https:\/\/www.lusqtoff.com.ar\/truper\/wp-json\/wp\/v2\/media?parent=2444"}],"wp:term":[{"taxonomy":"product_brand","embeddable":true,"href":"https:\/\/www.lusqtoff.com.ar\/truper\/wp-json\/wp\/v2\/product_brand?post=2444"},{"taxonomy":"product_cat","embeddable":true,"href":"https:\/\/www.lusqtoff.com.ar\/truper\/wp-json\/wp\/v2\/product_cat?post=2444"},{"taxonomy":"product_tag","embeddable":true,"href":"https:\/\/www.lusqtoff.com.ar\/truper\/wp-json\/wp\/v2\/product_tag?post=2444"}],"curies":[{"name":"wp","href":"https:\/\/api.w.org\/{rel}","templated":true}]}}