{"id":2446,"date":"2024-04-23T16:59:54","date_gmt":"2024-04-23T14:59:54","guid":{"rendered":"https:\/\/truper.cepidesigns.com.ar\/producto\/soldador-p-gas-butano-largo-12-cm-ajustable\/"},"modified":"2024-09-03T20:27:26","modified_gmt":"2024-09-03T18:27:26","slug":"soldador-p-gas-butano-largo-12-cm-ajustable","status":"publish","type":"product","link":"https:\/\/www.lusqtoff.com.ar\/truper\/producto\/soldador-p-gas-butano-largo-12-cm-ajustable\/","title":{"rendered":"SOLDADOR P\/GAS BUTANO LARGO 12 CM AJUSTABLE"},"content":{"rendered":"<p>Fabricada de lat\u00f3n, ajuste preciso de flama, encendido manual, difusor de calor para direccionar la flama y calentar m\u00e1s r\u00e1pido el \u00e1rea de trabajo<\/p>\n","protected":false},"excerpt":{"rendered":"<p>Dimensiones (largo x alto): 120 x 40 mm<\/p>\n","protected":false},"featured_media":2674,"comment_status":"open","ping_status":"closed","template":"","meta":{"_acf_changed":false},"product_brand":[],"product_cat":[227,226],"product_tag":[],"class_list":{"0":"post-2446","1":"product","2":"type-product","3":"status-publish","4":"has-post-thumbnail","6":"product_cat-soldadores","7":"product_cat-soldadura","9":"first","10":"instock","11":"shipping-taxable","12":"purchasable","13":"product-type-simple"},"acf":[],"_links":{"self":[{"href":"https:\/\/www.lusqtoff.com.ar\/truper\/wp-json\/wp\/v2\/product\/2446","targetHints":{"allow":["GET"]}}],"collection":[{"href":"https:\/\/www.lusqtoff.com.ar\/truper\/wp-json\/wp\/v2\/product"}],"about":[{"href":"https:\/\/www.lusqtoff.com.ar\/truper\/wp-json\/wp\/v2\/types\/product"}],"replies":[{"embeddable":true,"href":"https:\/\/www.lusqtoff.com.ar\/truper\/wp-json\/wp\/v2\/comments?post=2446"}],"wp:featuredmedia":[{"embeddable":true,"href":"https:\/\/www.lusqtoff.com.ar\/truper\/wp-json\/wp\/v2\/media\/2674"}],"wp:attachment":[{"href":"https:\/\/www.lusqtoff.com.ar\/truper\/wp-json\/wp\/v2\/media?parent=2446"}],"wp:term":[{"taxonomy":"product_brand","embeddable":true,"href":"https:\/\/www.lusqtoff.com.ar\/truper\/wp-json\/wp\/v2\/product_brand?post=2446"},{"taxonomy":"product_cat","embeddable":true,"href":"https:\/\/www.lusqtoff.com.ar\/truper\/wp-json\/wp\/v2\/product_cat?post=2446"},{"taxonomy":"product_tag","embeddable":true,"href":"https:\/\/www.lusqtoff.com.ar\/truper\/wp-json\/wp\/v2\/product_tag?post=2446"}],"curies":[{"name":"wp","href":"https:\/\/api.w.org\/{rel}","templated":true}]}}