{"id":2456,"date":"2024-04-23T16:59:55","date_gmt":"2024-04-23T14:59:55","guid":{"rendered":"https:\/\/truper.cepidesigns.com.ar\/producto\/cepillo-rectangular-de-alambre-acero-carbono-17-cm-sin-mango\/"},"modified":"2024-09-03T20:27:27","modified_gmt":"2024-09-03T18:27:27","slug":"cepillo-rectangular-de-alambre-acero-carbono-17-cm-sin-mango","status":"publish","type":"product","link":"https:\/\/www.lusqtoff.com.ar\/truper\/producto\/cepillo-rectangular-de-alambre-acero-carbono-17-cm-sin-mango\/","title":{"rendered":"CEPILLO RECTANGULAR DE ALAMBRE ACERO CARBONO 17 CM SIN MANGO"},"content":{"rendered":"<p>Cerdas de acero al carbono, base de polipropileno, para superficies chicas y de dif\u00edcil acceso en trabajos de soldadura, \u00f3xido, para limpieza de pintura y peque\u00f1as imperfecciones en concreto, metal o madera<\/p>\n","protected":false},"excerpt":{"rendered":"<p>Calibre: 0.35 mm<br \/>\nCerda expuesta: 3 cm<br \/>\nAlambres por pincel: 28<br \/>\nDimensiones (largo x ancho): 17 x 5 cm<\/p>\n","protected":false},"featured_media":2637,"comment_status":"open","ping_status":"closed","template":"","meta":{"_acf_changed":false},"product_brand":[],"product_cat":[229,226],"product_tag":[],"class_list":{"0":"post-2456","1":"product","2":"type-product","3":"status-publish","4":"has-post-thumbnail","6":"product_cat-cepillos-soldadura","7":"product_cat-soldadura","9":"first","10":"instock","11":"shipping-taxable","12":"purchasable","13":"product-type-simple"},"acf":[],"_links":{"self":[{"href":"https:\/\/www.lusqtoff.com.ar\/truper\/wp-json\/wp\/v2\/product\/2456","targetHints":{"allow":["GET"]}}],"collection":[{"href":"https:\/\/www.lusqtoff.com.ar\/truper\/wp-json\/wp\/v2\/product"}],"about":[{"href":"https:\/\/www.lusqtoff.com.ar\/truper\/wp-json\/wp\/v2\/types\/product"}],"replies":[{"embeddable":true,"href":"https:\/\/www.lusqtoff.com.ar\/truper\/wp-json\/wp\/v2\/comments?post=2456"}],"wp:featuredmedia":[{"embeddable":true,"href":"https:\/\/www.lusqtoff.com.ar\/truper\/wp-json\/wp\/v2\/media\/2637"}],"wp:attachment":[{"href":"https:\/\/www.lusqtoff.com.ar\/truper\/wp-json\/wp\/v2\/media?parent=2456"}],"wp:term":[{"taxonomy":"product_brand","embeddable":true,"href":"https:\/\/www.lusqtoff.com.ar\/truper\/wp-json\/wp\/v2\/product_brand?post=2456"},{"taxonomy":"product_cat","embeddable":true,"href":"https:\/\/www.lusqtoff.com.ar\/truper\/wp-json\/wp\/v2\/product_cat?post=2456"},{"taxonomy":"product_tag","embeddable":true,"href":"https:\/\/www.lusqtoff.com.ar\/truper\/wp-json\/wp\/v2\/product_tag?post=2456"}],"curies":[{"name":"wp","href":"https:\/\/api.w.org\/{rel}","templated":true}]}}