{"id":2458,"date":"2024-04-23T16:59:55","date_gmt":"2024-04-23T14:59:55","guid":{"rendered":"https:\/\/truper.cepidesigns.com.ar\/producto\/pinza-porta-electrodos-300-amp\/"},"modified":"2024-09-03T20:27:27","modified_gmt":"2024-09-03T18:27:27","slug":"pinza-porta-electrodos-300-amp","status":"publish","type":"product","link":"https:\/\/www.lusqtoff.com.ar\/truper\/producto\/pinza-porta-electrodos-300-amp\/","title":{"rendered":"PINZA PORTA ELECTRODOS 300 AMP"},"content":{"rendered":"<p>Mordaza de lat\u00f3n para una excelente conductividad el\u00e9ctrica y mayor tiempo de vida, la separaci\u00f3n entre mango y palanca permite un manejo m\u00e1s c\u00f3modo del electrodo, opresor para sujetar el cable<\/p>\n","protected":false},"excerpt":{"rendered":"<p>Capacidad: 300A<br \/>\nLargo: 23 cm<br \/>\nCalibre del cable: 2\/0 AWG (70 mm\u00b2)<\/p>\n","protected":false},"featured_media":3316,"comment_status":"open","ping_status":"closed","template":"","meta":{"_acf_changed":false},"product_brand":[],"product_cat":[230,226],"product_tag":[],"class_list":{"0":"post-2458","1":"product","2":"type-product","3":"status-publish","4":"has-post-thumbnail","6":"product_cat-pinzas-soldadura","7":"product_cat-soldadura","9":"first","10":"instock","11":"shipping-taxable","12":"purchasable","13":"product-type-simple"},"acf":[],"_links":{"self":[{"href":"https:\/\/www.lusqtoff.com.ar\/truper\/wp-json\/wp\/v2\/product\/2458","targetHints":{"allow":["GET"]}}],"collection":[{"href":"https:\/\/www.lusqtoff.com.ar\/truper\/wp-json\/wp\/v2\/product"}],"about":[{"href":"https:\/\/www.lusqtoff.com.ar\/truper\/wp-json\/wp\/v2\/types\/product"}],"replies":[{"embeddable":true,"href":"https:\/\/www.lusqtoff.com.ar\/truper\/wp-json\/wp\/v2\/comments?post=2458"}],"wp:featuredmedia":[{"embeddable":true,"href":"https:\/\/www.lusqtoff.com.ar\/truper\/wp-json\/wp\/v2\/media\/3316"}],"wp:attachment":[{"href":"https:\/\/www.lusqtoff.com.ar\/truper\/wp-json\/wp\/v2\/media?parent=2458"}],"wp:term":[{"taxonomy":"product_brand","embeddable":true,"href":"https:\/\/www.lusqtoff.com.ar\/truper\/wp-json\/wp\/v2\/product_brand?post=2458"},{"taxonomy":"product_cat","embeddable":true,"href":"https:\/\/www.lusqtoff.com.ar\/truper\/wp-json\/wp\/v2\/product_cat?post=2458"},{"taxonomy":"product_tag","embeddable":true,"href":"https:\/\/www.lusqtoff.com.ar\/truper\/wp-json\/wp\/v2\/product_tag?post=2458"}],"curies":[{"name":"wp","href":"https:\/\/api.w.org\/{rel}","templated":true}]}}