{"id":2461,"date":"2024-04-23T16:59:55","date_gmt":"2024-04-23T14:59:55","guid":{"rendered":"https:\/\/truper.cepidesigns.com.ar\/producto\/pinza-de-maza-p-sold-500a\/"},"modified":"2024-09-03T20:27:28","modified_gmt":"2024-09-03T18:27:28","slug":"pinza-de-maza-p-sold-500a","status":"publish","type":"product","link":"https:\/\/www.lusqtoff.com.ar\/truper\/producto\/pinza-de-maza-p-sold-500a\/","title":{"rendered":"PINZA DE MAZA P\/SOLD. 500A"},"content":{"rendered":"<p>L\u00e1mina de acero galvanizada para mayor resistencia a la corrosi\u00f3n, mordazas de lat\u00f3n, resorte de alta presi\u00f3n para un agarre firme de la pieza de trabajo, puente de cobre entre mordazas para una mejor conductividad el\u00e9ctrica<\/p>\n","protected":false},"excerpt":{"rendered":"<p>Capacidad: 500A<br \/>\nLargo: 21 cm<br \/>\nPeso: 280 g<\/p>\n","protected":false},"featured_media":3313,"comment_status":"open","ping_status":"closed","template":"","meta":{"_acf_changed":false},"product_brand":[],"product_cat":[230,226],"product_tag":[],"class_list":{"0":"post-2461","1":"product","2":"type-product","3":"status-publish","4":"has-post-thumbnail","6":"product_cat-pinzas-soldadura","7":"product_cat-soldadura","9":"first","10":"instock","11":"shipping-taxable","12":"purchasable","13":"product-type-simple"},"acf":[],"_links":{"self":[{"href":"https:\/\/www.lusqtoff.com.ar\/truper\/wp-json\/wp\/v2\/product\/2461","targetHints":{"allow":["GET"]}}],"collection":[{"href":"https:\/\/www.lusqtoff.com.ar\/truper\/wp-json\/wp\/v2\/product"}],"about":[{"href":"https:\/\/www.lusqtoff.com.ar\/truper\/wp-json\/wp\/v2\/types\/product"}],"replies":[{"embeddable":true,"href":"https:\/\/www.lusqtoff.com.ar\/truper\/wp-json\/wp\/v2\/comments?post=2461"}],"wp:featuredmedia":[{"embeddable":true,"href":"https:\/\/www.lusqtoff.com.ar\/truper\/wp-json\/wp\/v2\/media\/3313"}],"wp:attachment":[{"href":"https:\/\/www.lusqtoff.com.ar\/truper\/wp-json\/wp\/v2\/media?parent=2461"}],"wp:term":[{"taxonomy":"product_brand","embeddable":true,"href":"https:\/\/www.lusqtoff.com.ar\/truper\/wp-json\/wp\/v2\/product_brand?post=2461"},{"taxonomy":"product_cat","embeddable":true,"href":"https:\/\/www.lusqtoff.com.ar\/truper\/wp-json\/wp\/v2\/product_cat?post=2461"},{"taxonomy":"product_tag","embeddable":true,"href":"https:\/\/www.lusqtoff.com.ar\/truper\/wp-json\/wp\/v2\/product_tag?post=2461"}],"curies":[{"name":"wp","href":"https:\/\/api.w.org\/{rel}","templated":true}]}}