{"id":2497,"date":"2024-04-23T16:59:59","date_gmt":"2024-04-23T14:59:59","guid":{"rendered":"https:\/\/truper.cepidesigns.com.ar\/producto\/mecha-para-concreto-sds-plus-14-x-160-mm\/"},"modified":"2024-09-03T20:27:37","modified_gmt":"2024-09-03T18:27:37","slug":"mecha-para-concreto-sds-plus-14-x-160-mm","status":"publish","type":"product","link":"https:\/\/www.lusqtoff.com.ar\/truper\/producto\/mecha-para-concreto-sds-plus-14-x-160-mm\/","title":{"rendered":"MECHA PARA CONCRETO SDS PLUS 14 X 160 MM"},"content":{"rendered":"<p>Punta de cruz, tecnolog\u00eda con doble inserto de carburo para mayor precisi\u00f3n de perforaci\u00f3n, 2x mayor durabilidad que las brocas convencionales, cuerpo de acero al cromo que ofrece mayor resistencia al calentamiento, zanco compatible con la mayor\u00eda de rotomartillos SDS plus, dise\u00f1ada para evitar que se atore durante la perforaci\u00f3n, empaque para prevenir el \u00f3xido en zonas de alta salinidad<\/p>\n","protected":false},"excerpt":{"rendered":"<p>Di\u00e1metro: 14 mm<br \/>\nLargo total: 160 mm<\/p>\n","protected":false},"featured_media":3194,"comment_status":"open","ping_status":"closed","template":"","meta":{"_acf_changed":false},"product_brand":[],"product_cat":[241,239],"product_tag":[],"class_list":{"0":"post-2497","1":"product","2":"type-product","3":"status-publish","4":"has-post-thumbnail","6":"product_cat-construccion-mechas","7":"product_cat-mechas","9":"first","10":"instock","11":"shipping-taxable","12":"purchasable","13":"product-type-simple"},"acf":[],"_links":{"self":[{"href":"https:\/\/www.lusqtoff.com.ar\/truper\/wp-json\/wp\/v2\/product\/2497","targetHints":{"allow":["GET"]}}],"collection":[{"href":"https:\/\/www.lusqtoff.com.ar\/truper\/wp-json\/wp\/v2\/product"}],"about":[{"href":"https:\/\/www.lusqtoff.com.ar\/truper\/wp-json\/wp\/v2\/types\/product"}],"replies":[{"embeddable":true,"href":"https:\/\/www.lusqtoff.com.ar\/truper\/wp-json\/wp\/v2\/comments?post=2497"}],"wp:featuredmedia":[{"embeddable":true,"href":"https:\/\/www.lusqtoff.com.ar\/truper\/wp-json\/wp\/v2\/media\/3194"}],"wp:attachment":[{"href":"https:\/\/www.lusqtoff.com.ar\/truper\/wp-json\/wp\/v2\/media?parent=2497"}],"wp:term":[{"taxonomy":"product_brand","embeddable":true,"href":"https:\/\/www.lusqtoff.com.ar\/truper\/wp-json\/wp\/v2\/product_brand?post=2497"},{"taxonomy":"product_cat","embeddable":true,"href":"https:\/\/www.lusqtoff.com.ar\/truper\/wp-json\/wp\/v2\/product_cat?post=2497"},{"taxonomy":"product_tag","embeddable":true,"href":"https:\/\/www.lusqtoff.com.ar\/truper\/wp-json\/wp\/v2\/product_tag?post=2497"}],"curies":[{"name":"wp","href":"https:\/\/api.w.org\/{rel}","templated":true}]}}