{"id":2525,"date":"2024-04-23T17:00:04","date_gmt":"2024-04-23T15:00:04","guid":{"rendered":"https:\/\/truper.cepidesigns.com.ar\/producto\/mecha-acero-rapido-12-mm\/"},"modified":"2024-09-03T20:27:43","modified_gmt":"2024-09-03T18:27:43","slug":"mecha-acero-rapido-12-mm","status":"publish","type":"product","link":"https:\/\/www.lusqtoff.com.ar\/truper\/producto\/mecha-acero-rapido-12-mm\/","title":{"rendered":"MECHA ACERO RAPIDO 12 MM"},"content":{"rendered":"<p>Punta Split Point autocentrable para perforaciones m\u00e1s r\u00e1pidas y precisas, fabricadas en acero M2, 3X mayor vida \u00fatil que las brocas de \u00f3xido negro, angulo de punta 135\u00b0, di\u00e1metro marcado en l\u00e1ser para f\u00e1cil identificaci\u00f3n<\/p>\n","protected":false},"excerpt":{"rendered":"<p>Di\u00e1metro: 12 mm<br \/>\nLargo total: 150 mm<br \/>\nTipo: Reducido a 3\/8&#8243;<\/p>\n","protected":false},"featured_media":2799,"comment_status":"open","ping_status":"closed","template":"","meta":{"_acf_changed":false},"product_brand":[],"product_cat":[242,239],"product_tag":[],"class_list":{"0":"post-2525","1":"product","2":"type-product","3":"status-publish","4":"has-post-thumbnail","6":"product_cat-acero-rapido","7":"product_cat-mechas","9":"first","10":"instock","11":"shipping-taxable","12":"purchasable","13":"product-type-simple"},"acf":[],"_links":{"self":[{"href":"https:\/\/www.lusqtoff.com.ar\/truper\/wp-json\/wp\/v2\/product\/2525","targetHints":{"allow":["GET"]}}],"collection":[{"href":"https:\/\/www.lusqtoff.com.ar\/truper\/wp-json\/wp\/v2\/product"}],"about":[{"href":"https:\/\/www.lusqtoff.com.ar\/truper\/wp-json\/wp\/v2\/types\/product"}],"replies":[{"embeddable":true,"href":"https:\/\/www.lusqtoff.com.ar\/truper\/wp-json\/wp\/v2\/comments?post=2525"}],"wp:featuredmedia":[{"embeddable":true,"href":"https:\/\/www.lusqtoff.com.ar\/truper\/wp-json\/wp\/v2\/media\/2799"}],"wp:attachment":[{"href":"https:\/\/www.lusqtoff.com.ar\/truper\/wp-json\/wp\/v2\/media?parent=2525"}],"wp:term":[{"taxonomy":"product_brand","embeddable":true,"href":"https:\/\/www.lusqtoff.com.ar\/truper\/wp-json\/wp\/v2\/product_brand?post=2525"},{"taxonomy":"product_cat","embeddable":true,"href":"https:\/\/www.lusqtoff.com.ar\/truper\/wp-json\/wp\/v2\/product_cat?post=2525"},{"taxonomy":"product_tag","embeddable":true,"href":"https:\/\/www.lusqtoff.com.ar\/truper\/wp-json\/wp\/v2\/product_tag?post=2525"}],"curies":[{"name":"wp","href":"https:\/\/api.w.org\/{rel}","templated":true}]}}