{"id":2529,"date":"2024-04-23T17:00:05","date_gmt":"2024-04-23T15:00:05","guid":{"rendered":"https:\/\/truper.cepidesigns.com.ar\/producto\/juego-8-mechas-centradora-para-madera\/"},"modified":"2024-09-03T20:27:44","modified_gmt":"2024-09-03T18:27:44","slug":"juego-8-mechas-centradora-para-madera","status":"publish","type":"product","link":"https:\/\/www.lusqtoff.com.ar\/truper\/producto\/juego-8-mechas-centradora-para-madera\/","title":{"rendered":"JUEGO 8 MECHAS CENTRADORA PARA MADERA"},"content":{"rendered":"<p>Punta centradora para una perforaci\u00f3n m\u00e1s precisa, perfora pl\u00e1sticos blandos y madera en general, zanco redondo<\/p>\n","protected":false},"excerpt":{"rendered":"<p>Incluye<br \/>\n1 Mecha de 1\/8&#8243;<br \/>\n1 Mecha de 5\/32&#8243;<br \/>\n1 Mecha de 3\/16&#8243;<br \/>\n1 Mecha de 7\/32&#8243;<br \/>\n1 Mecha de 1\/4&#8243;<br \/>\n1 Mecha de 9\/32&#8243;<br \/>\n1 Mecha de 5\/16&#8243;<br \/>\n1 Mecha de 3\/8&#8243;<\/p>\n","protected":false},"featured_media":2626,"comment_status":"open","ping_status":"closed","template":"","meta":{"_acf_changed":false},"product_brand":[],"product_cat":[244,239],"product_tag":[],"class_list":{"0":"post-2529","1":"product","2":"type-product","3":"status-publish","4":"has-post-thumbnail","6":"product_cat-madera","7":"product_cat-mechas","9":"first","10":"instock","11":"shipping-taxable","12":"purchasable","13":"product-type-simple"},"acf":[],"_links":{"self":[{"href":"https:\/\/www.lusqtoff.com.ar\/truper\/wp-json\/wp\/v2\/product\/2529","targetHints":{"allow":["GET"]}}],"collection":[{"href":"https:\/\/www.lusqtoff.com.ar\/truper\/wp-json\/wp\/v2\/product"}],"about":[{"href":"https:\/\/www.lusqtoff.com.ar\/truper\/wp-json\/wp\/v2\/types\/product"}],"replies":[{"embeddable":true,"href":"https:\/\/www.lusqtoff.com.ar\/truper\/wp-json\/wp\/v2\/comments?post=2529"}],"wp:featuredmedia":[{"embeddable":true,"href":"https:\/\/www.lusqtoff.com.ar\/truper\/wp-json\/wp\/v2\/media\/2626"}],"wp:attachment":[{"href":"https:\/\/www.lusqtoff.com.ar\/truper\/wp-json\/wp\/v2\/media?parent=2529"}],"wp:term":[{"taxonomy":"product_brand","embeddable":true,"href":"https:\/\/www.lusqtoff.com.ar\/truper\/wp-json\/wp\/v2\/product_brand?post=2529"},{"taxonomy":"product_cat","embeddable":true,"href":"https:\/\/www.lusqtoff.com.ar\/truper\/wp-json\/wp\/v2\/product_cat?post=2529"},{"taxonomy":"product_tag","embeddable":true,"href":"https:\/\/www.lusqtoff.com.ar\/truper\/wp-json\/wp\/v2\/product_tag?post=2529"}],"curies":[{"name":"wp","href":"https:\/\/api.w.org\/{rel}","templated":true}]}}